{"id":4705,"date":"2020-06-25T08:11:59","date_gmt":"2020-06-25T08:11:59","guid":{"rendered":"https:\/\/www.djhmachinery.com\/kontakt\/"},"modified":"2025-10-26T02:41:38","modified_gmt":"2025-10-26T02:41:38","slug":"kontakt","status":"publish","type":"page","link":"https:\/\/www.djhmachinery.com\/pl\/kontakt\/","title":{"rendered":"Kontakt"},"content":{"rendered":"\t\t<div data-elementor-type=\"wp-page\" data-elementor-id=\"4705\" class=\"elementor elementor-4705 elementor-14\">\n\t\t\t\t\t\t<section class=\"elementor-section elementor-top-section elementor-element elementor-element-ca098ba elementor-section-height-min-height elementor-section-content-middle elementor-section-stretched elementor-section-boxed elementor-section-height-default elementor-section-items-middle\" data-id=\"ca098ba\" data-element_type=\"section\" data-e-type=\"section\" data-settings=\"{&quot;background_background&quot;:&quot;gradient&quot;,&quot;stretch_section&quot;:&quot;section-stretched&quot;}\">\n\t\t\t\t\t\t\t<div class=\"elementor-background-overlay\"><\/div>\n\t\t\t\t\t\t\t<div class=\"elementor-container elementor-column-gap-wider\">\n\t\t\t\t\t<div class=\"elementor-column elementor-col-100 elementor-top-column elementor-element elementor-element-c8abe27\" data-id=\"c8abe27\" data-element_type=\"column\" data-e-type=\"column\">\n\t\t\t<div class=\"elementor-widget-wrap elementor-element-populated\">\n\t\t\t\t\t\t<div class=\"elementor-element elementor-element-b82b048 elementor-widget elementor-widget-heading\" data-id=\"b82b048\" data-element_type=\"widget\" data-e-type=\"widget\" data-widget_type=\"heading.default\">\n\t\t\t\t<div class=\"elementor-widget-container\">\n\t\t\t\t\t<h1 class=\"elementor-heading-title elementor-size-default\">KONTAKT<\/h1>\t\t\t\t<\/div>\n\t\t\t\t<\/div>\n\t\t\t\t\t<\/div>\n\t\t<\/div>\n\t\t\t\t\t<\/div>\n\t\t<\/section>\n\t\t\t\t<section class=\"elementor-section elementor-top-section elementor-element elementor-element-ad8ea5e elementor-section-stretched elementor-section-content-middle elementor-section-boxed elementor-section-height-default elementor-section-height-default\" data-id=\"ad8ea5e\" data-element_type=\"section\" data-e-type=\"section\" data-settings=\"{&quot;stretch_section&quot;:&quot;section-stretched&quot;,&quot;background_background&quot;:&quot;classic&quot;}\">\n\t\t\t\t\t\t<div class=\"elementor-container elementor-column-gap-default\">\n\t\t\t\t\t<div class=\"elementor-column elementor-col-50 elementor-top-column elementor-element elementor-element-06c14e0\" data-id=\"06c14e0\" data-element_type=\"column\" data-e-type=\"column\">\n\t\t\t<div class=\"elementor-widget-wrap elementor-element-populated\">\n\t\t\t\t\t\t<div class=\"elementor-element elementor-element-994f146 elementor-widget elementor-widget-image\" data-id=\"994f146\" data-element_type=\"widget\" data-e-type=\"widget\" data-widget_type=\"image.default\">\n\t\t\t\t<div class=\"elementor-widget-container\">\n\t\t\t\t\t\t\t\t\t\t\t\t\t\t\t<img decoding=\"async\" src=\"https:\/\/www.djhmachinery.com\/wp-content\/uploads\/elementor\/thumbs\/supply-chain-chatgpt-r7hsanvan7nx89tvnautga4ornrr31sfld2s7or3uw.jpg\" title=\"Smart warehouse management system with innovative internet of things technology\" alt=\"Smart warehouse management system with innovative internet of things technology\" loading=\"lazy\" \/>\t\t\t\t\t\t\t\t\t\t\t\t\t\t\t<\/div>\n\t\t\t\t<\/div>\n\t\t\t\t\t<\/div>\n\t\t<\/div>\n\t\t\t\t<div class=\"elementor-column elementor-col-50 elementor-top-column elementor-element elementor-element-f371c05\" data-id=\"f371c05\" data-element_type=\"column\" data-e-type=\"column\">\n\t\t\t<div class=\"elementor-widget-wrap elementor-element-populated\">\n\t\t\t\t\t\t<div class=\"elementor-element elementor-element-239dd72 elementor-widget elementor-widget-heading\" data-id=\"239dd72\" data-element_type=\"widget\" data-e-type=\"widget\" data-widget_type=\"heading.default\">\n\t\t\t\t<div class=\"elementor-widget-container\">\n\t\t\t\t\t<h2 class=\"elementor-heading-title elementor-size-default\">Zach\u0119camy do <span style=\"color: #E6A94A\">kontaktu pod<\/span> adresem\nw celu uzyskania szczeg\u00f3\u0142owych informacji.<\/h2>\t\t\t\t<\/div>\n\t\t\t\t<\/div>\n\t\t\t\t<div class=\"elementor-element elementor-element-71baf14 elementor-widget elementor-widget-shortcode\" data-id=\"71baf14\" data-element_type=\"widget\" data-e-type=\"widget\" data-widget_type=\"shortcode.default\">\n\t\t\t\t<div class=\"elementor-widget-container\">\n\t\t\t\t\t\t\t<div class=\"elementor-shortcode\">\n<div class=\"wpcf7 no-js\" id=\"wpcf7-f25-o1\" lang=\"en-US\" dir=\"ltr\" data-wpcf7-id=\"25\">\n<div class=\"screen-reader-response\"><p role=\"status\" aria-live=\"polite\" aria-atomic=\"true\"><\/p> <ul><\/ul><\/div>\n<form action=\"\/pl\/wp-json\/wp\/v2\/pages\/4705#wpcf7-f25-o1\" method=\"post\" class=\"wpcf7-form init\" aria-label=\"Contact form\" novalidate=\"novalidate\" data-status=\"init\">\n<div style=\"display: none;\">\n<input type=\"hidden\" name=\"_wpcf7\" value=\"25\" \/>\n<input type=\"hidden\" name=\"_wpcf7_version\" value=\"6.0.6\" \/>\n<input type=\"hidden\" name=\"_wpcf7_locale\" value=\"en_US\" \/>\n<input type=\"hidden\" name=\"_wpcf7_unit_tag\" value=\"wpcf7-f25-o1\" \/>\n<input type=\"hidden\" name=\"_wpcf7_container_post\" value=\"0\" \/>\n<input type=\"hidden\" name=\"_wpcf7_posted_data_hash\" value=\"\" \/>\n<\/div>\n<div class=\"column one\">\n\t<p><label><span class=\"wpcf7-form-control-wrap\" data-name=\"your-name\"><input size=\"40\" maxlength=\"400\" class=\"wpcf7-form-control wpcf7-text wpcf7-validates-as-required\" aria-required=\"true\" aria-invalid=\"false\" placeholder=\"Your Name\" value=\"\" type=\"text\" name=\"your-name\" \/><\/span> <\/label>\n\t<\/p>\n<\/div>\n<div class=\"column one\">\n\t<p><label><span class=\"wpcf7-form-control-wrap\" data-name=\"your-company\"><input size=\"40\" maxlength=\"400\" class=\"wpcf7-form-control wpcf7-text\" aria-invalid=\"false\" placeholder=\"Your Company\" value=\"\" type=\"text\" name=\"your-company\" \/><\/span><\/label>\n\t<\/p>\n<\/div>\n<div class=\"column one-second\">\n\t<p><label><span class=\"wpcf7-form-control-wrap\" data-name=\"your-email\"><input size=\"40\" maxlength=\"400\" class=\"wpcf7-form-control wpcf7-email wpcf7-validates-as-required wpcf7-text wpcf7-validates-as-email\" aria-required=\"true\" aria-invalid=\"false\" placeholder=\"Email\" value=\"\" type=\"email\" name=\"your-email\" \/><\/span><\/label>\n\t<\/p>\n<\/div>\n<div class=\"column one-second\">\n\t<p><label><span class=\"wpcf7-form-control-wrap\" data-name=\"your-phone\"><input size=\"40\" maxlength=\"400\" class=\"wpcf7-form-control wpcf7-text\" aria-invalid=\"false\" placeholder=\"Phone\" value=\"\" type=\"text\" name=\"your-phone\" \/><\/span><\/label>\n\t<\/p>\n<\/div>\n<div class=\"column one\">\n\t<p><label><span class=\"wpcf7-form-control-wrap\" data-name=\"your-subject\"><input size=\"40\" maxlength=\"400\" class=\"wpcf7-form-control wpcf7-text\" aria-invalid=\"false\" placeholder=\"Subject\" value=\"\" type=\"text\" name=\"your-subject\" \/><\/span><\/label>\n\t<\/p>\n<\/div>\n<div class=\"column one\">\n\t<p><label><span class=\"wpcf7-form-control-wrap\" data-name=\"your-message\"><textarea cols=\"40\" rows=\"10\" maxlength=\"2000\" class=\"wpcf7-form-control wpcf7-textarea\" aria-invalid=\"false\" placeholder=\"Your Message\" name=\"your-message\"><\/textarea><\/span> <\/label>\n\t<\/p>\n<\/div>\n<div class=\"column one\">\n\t<p><input class=\"wpcf7-form-control wpcf7-submit has-spinner button_full_width\" type=\"submit\" value=\"Send a message\" \/>\n\t<\/p>\n<\/div><div class=\"wpcf7-response-output\" aria-hidden=\"true\"><\/div>\n<\/form>\n<\/div>\n<\/div>\n\t\t\t\t\t\t<\/div>\n\t\t\t\t<\/div>\n\t\t\t\t\t<\/div>\n\t\t<\/div>\n\t\t\t\t\t<\/div>\n\t\t<\/section>\n\t\t\t\t<\/div>\n\t\t","protected":false},"excerpt":{"rendered":"<p>KONTAKT Zach\u0119camy do kontaktu pod adresem w celu uzyskania szczeg\u00f3\u0142owych informacji.<\/p>\n","protected":false},"author":1,"featured_media":0,"parent":0,"menu_order":0,"comment_status":"open","ping_status":"closed","template":"","meta":{"footnotes":""},"class_list":["post-4705","page","type-page","status-publish","hentry"],"yoast_head":"<!-- This site is optimized with the Yoast SEO plugin v27.4 - https:\/\/yoast.com\/product\/yoast-seo-wordpress\/ -->\n<title>Kontakt - DJH Machinery<\/title>\n<meta name=\"robots\" content=\"index, follow, max-snippet:-1, max-image-preview:large, max-video-preview:-1\" \/>\n<link rel=\"canonical\" href=\"https:\/\/www.djhmachinery.com\/pl\/kontakt\/\" \/>\n<meta property=\"og:locale\" content=\"pl_PL\" \/>\n<meta property=\"og:type\" content=\"article\" \/>\n<meta property=\"og:title\" content=\"Kontakt - DJH Machinery\" \/>\n<meta property=\"og:description\" content=\"KONTAKT Zach\u0119camy do kontaktu pod adresem w celu uzyskania szczeg\u00f3\u0142owych informacji.\" \/>\n<meta property=\"og:url\" content=\"https:\/\/www.djhmachinery.com\/pl\/kontakt\/\" \/>\n<meta property=\"og:site_name\" content=\"DJH Machinery\" \/>\n<meta property=\"article:modified_time\" content=\"2025-10-26T02:41:38+00:00\" \/>\n<meta property=\"og:image\" content=\"https:\/\/www.djhmachinery.com\/wp-content\/uploads\/elementor\/thumbs\/supply-chain-chatgpt-r7hsanvan7nx89tvnautga4ornrr31sfld2s7or3uw.jpg\" \/>\n<meta name=\"twitter:card\" content=\"summary_large_image\" \/>\n<script type=\"application\/ld+json\" class=\"yoast-schema-graph\">{\"@context\":\"https:\\\/\\\/schema.org\",\"@graph\":[{\"@type\":\"WebPage\",\"@id\":\"https:\\\/\\\/www.djhmachinery.com\\\/pl\\\/kontakt\\\/\",\"url\":\"https:\\\/\\\/www.djhmachinery.com\\\/pl\\\/kontakt\\\/\",\"name\":\"Kontakt - DJH Machinery\",\"isPartOf\":{\"@id\":\"https:\\\/\\\/www.djhmachinery.com\\\/pl\\\/#website\"},\"primaryImageOfPage\":{\"@id\":\"https:\\\/\\\/www.djhmachinery.com\\\/pl\\\/kontakt\\\/#primaryimage\"},\"image\":{\"@id\":\"https:\\\/\\\/www.djhmachinery.com\\\/pl\\\/kontakt\\\/#primaryimage\"},\"thumbnailUrl\":\"https:\\\/\\\/www.djhmachinery.com\\\/wp-content\\\/uploads\\\/elementor\\\/thumbs\\\/supply-chain-chatgpt-r7hsanvan7nx89tvnautga4ornrr31sfld2s7or3uw.jpg\",\"datePublished\":\"2020-06-25T08:11:59+00:00\",\"dateModified\":\"2025-10-26T02:41:38+00:00\",\"breadcrumb\":{\"@id\":\"https:\\\/\\\/www.djhmachinery.com\\\/pl\\\/kontakt\\\/#breadcrumb\"},\"inLanguage\":\"pl-PL\",\"potentialAction\":[{\"@type\":\"ReadAction\",\"target\":[\"https:\\\/\\\/www.djhmachinery.com\\\/pl\\\/kontakt\\\/\"]}]},{\"@type\":\"ImageObject\",\"inLanguage\":\"pl-PL\",\"@id\":\"https:\\\/\\\/www.djhmachinery.com\\\/pl\\\/kontakt\\\/#primaryimage\",\"url\":\"https:\\\/\\\/www.djhmachinery.com\\\/wp-content\\\/uploads\\\/elementor\\\/thumbs\\\/supply-chain-chatgpt-r7hsanvan7nx89tvnautga4ornrr31sfld2s7or3uw.jpg\",\"contentUrl\":\"https:\\\/\\\/www.djhmachinery.com\\\/wp-content\\\/uploads\\\/elementor\\\/thumbs\\\/supply-chain-chatgpt-r7hsanvan7nx89tvnautga4ornrr31sfld2s7or3uw.jpg\"},{\"@type\":\"BreadcrumbList\",\"@id\":\"https:\\\/\\\/www.djhmachinery.com\\\/pl\\\/kontakt\\\/#breadcrumb\",\"itemListElement\":[{\"@type\":\"ListItem\",\"position\":1,\"name\":\"Home\",\"item\":\"https:\\\/\\\/www.djhmachinery.com\\\/pl\\\/strona-glowna\\\/\"},{\"@type\":\"ListItem\",\"position\":2,\"name\":\"Kontakt\"}]},{\"@type\":\"WebSite\",\"@id\":\"https:\\\/\\\/www.djhmachinery.com\\\/pl\\\/#website\",\"url\":\"https:\\\/\\\/www.djhmachinery.com\\\/pl\\\/\",\"name\":\"DJH Machinery\",\"description\":\"\",\"potentialAction\":[{\"@type\":\"SearchAction\",\"target\":{\"@type\":\"EntryPoint\",\"urlTemplate\":\"https:\\\/\\\/www.djhmachinery.com\\\/pl\\\/?s={search_term_string}\"},\"query-input\":{\"@type\":\"PropertyValueSpecification\",\"valueRequired\":true,\"valueName\":\"search_term_string\"}}],\"inLanguage\":\"pl-PL\"}]}<\/script>\n<!-- \/ Yoast SEO plugin. -->","yoast_head_json":{"title":"Kontakt - DJH Machinery","robots":{"index":"index","follow":"follow","max-snippet":"max-snippet:-1","max-image-preview":"max-image-preview:large","max-video-preview":"max-video-preview:-1"},"canonical":"https:\/\/www.djhmachinery.com\/pl\/kontakt\/","og_locale":"pl_PL","og_type":"article","og_title":"Kontakt - DJH Machinery","og_description":"KONTAKT Zach\u0119camy do kontaktu pod adresem w celu uzyskania szczeg\u00f3\u0142owych informacji.","og_url":"https:\/\/www.djhmachinery.com\/pl\/kontakt\/","og_site_name":"DJH Machinery","article_modified_time":"2025-10-26T02:41:38+00:00","og_image":[{"url":"https:\/\/www.djhmachinery.com\/wp-content\/uploads\/elementor\/thumbs\/supply-chain-chatgpt-r7hsanvan7nx89tvnautga4ornrr31sfld2s7or3uw.jpg","type":"","width":"","height":""}],"twitter_card":"summary_large_image","schema":{"@context":"https:\/\/schema.org","@graph":[{"@type":"WebPage","@id":"https:\/\/www.djhmachinery.com\/pl\/kontakt\/","url":"https:\/\/www.djhmachinery.com\/pl\/kontakt\/","name":"Kontakt - DJH Machinery","isPartOf":{"@id":"https:\/\/www.djhmachinery.com\/pl\/#website"},"primaryImageOfPage":{"@id":"https:\/\/www.djhmachinery.com\/pl\/kontakt\/#primaryimage"},"image":{"@id":"https:\/\/www.djhmachinery.com\/pl\/kontakt\/#primaryimage"},"thumbnailUrl":"https:\/\/www.djhmachinery.com\/wp-content\/uploads\/elementor\/thumbs\/supply-chain-chatgpt-r7hsanvan7nx89tvnautga4ornrr31sfld2s7or3uw.jpg","datePublished":"2020-06-25T08:11:59+00:00","dateModified":"2025-10-26T02:41:38+00:00","breadcrumb":{"@id":"https:\/\/www.djhmachinery.com\/pl\/kontakt\/#breadcrumb"},"inLanguage":"pl-PL","potentialAction":[{"@type":"ReadAction","target":["https:\/\/www.djhmachinery.com\/pl\/kontakt\/"]}]},{"@type":"ImageObject","inLanguage":"pl-PL","@id":"https:\/\/www.djhmachinery.com\/pl\/kontakt\/#primaryimage","url":"https:\/\/www.djhmachinery.com\/wp-content\/uploads\/elementor\/thumbs\/supply-chain-chatgpt-r7hsanvan7nx89tvnautga4ornrr31sfld2s7or3uw.jpg","contentUrl":"https:\/\/www.djhmachinery.com\/wp-content\/uploads\/elementor\/thumbs\/supply-chain-chatgpt-r7hsanvan7nx89tvnautga4ornrr31sfld2s7or3uw.jpg"},{"@type":"BreadcrumbList","@id":"https:\/\/www.djhmachinery.com\/pl\/kontakt\/#breadcrumb","itemListElement":[{"@type":"ListItem","position":1,"name":"Home","item":"https:\/\/www.djhmachinery.com\/pl\/strona-glowna\/"},{"@type":"ListItem","position":2,"name":"Kontakt"}]},{"@type":"WebSite","@id":"https:\/\/www.djhmachinery.com\/pl\/#website","url":"https:\/\/www.djhmachinery.com\/pl\/","name":"DJH Machinery","description":"","potentialAction":[{"@type":"SearchAction","target":{"@type":"EntryPoint","urlTemplate":"https:\/\/www.djhmachinery.com\/pl\/?s={search_term_string}"},"query-input":{"@type":"PropertyValueSpecification","valueRequired":true,"valueName":"search_term_string"}}],"inLanguage":"pl-PL"}]}},"_links":{"self":[{"href":"https:\/\/www.djhmachinery.com\/pl\/wp-json\/wp\/v2\/pages\/4705","targetHints":{"allow":["GET"]}}],"collection":[{"href":"https:\/\/www.djhmachinery.com\/pl\/wp-json\/wp\/v2\/pages"}],"about":[{"href":"https:\/\/www.djhmachinery.com\/pl\/wp-json\/wp\/v2\/types\/page"}],"author":[{"embeddable":true,"href":"https:\/\/www.djhmachinery.com\/pl\/wp-json\/wp\/v2\/users\/1"}],"replies":[{"embeddable":true,"href":"https:\/\/www.djhmachinery.com\/pl\/wp-json\/wp\/v2\/comments?post=4705"}],"version-history":[{"count":1,"href":"https:\/\/www.djhmachinery.com\/pl\/wp-json\/wp\/v2\/pages\/4705\/revisions"}],"predecessor-version":[{"id":4707,"href":"https:\/\/www.djhmachinery.com\/pl\/wp-json\/wp\/v2\/pages\/4705\/revisions\/4707"}],"wp:attachment":[{"href":"https:\/\/www.djhmachinery.com\/pl\/wp-json\/wp\/v2\/media?parent=4705"}],"curies":[{"name":"wp","href":"https:\/\/api.w.org\/{rel}","templated":true}]}}